{"id":16354,"date":"2016-07-26T14:27:44","date_gmt":"2016-07-26T12:27:44","guid":{"rendered":"https:\/\/www.ilsen-gmbh.de\/fr\/?page_id=16354"},"modified":"2018-06-21T14:59:10","modified_gmt":"2018-06-21T12:59:10","slug":"fabrication","status":"publish","type":"page","link":"https:\/\/www.ilsen-gmbh.de\/fr\/fabrication\/","title":{"rendered":"Fabrication"},"content":{"rendered":"<div class=\"fusion-fullwidth fullwidth-box fusion-builder-row-1 nonhundred-percent-fullwidth non-hundred-percent-height-scrolling\" style=\"background-color: rgba(255,255,255,0);background-position: left top;background-repeat: no-repeat;padding-top:20px;padding-right:0px;padding-bottom:20px;padding-left:0px;margin-bottom: 0px;margin-top: 0px;border-width: 0px 0px 0px 0px;border-color:#eae9e9;border-style:solid;\" ><div class=\"fusion-builder-row fusion-row\"><div class=\"fusion-layout-column fusion_builder_column fusion-builder-column-0 fusion_builder_column_1_1 1_1 fusion-one-full fusion-column-first fusion-column-last fusion-column-no-min-height\" style=\"margin-top:0px;margin-bottom:0px;\"><div class=\"fusion-column-wrapper fusion-flex-column-wrapper-legacy\" style=\"background-position:left top;background-repeat:no-repeat;-webkit-background-size:cover;-moz-background-size:cover;-o-background-size:cover;background-size:cover;padding: 0px 0px 0px 0px;\"><div class=\"fusion-text fusion-text-1\"><h1>Fabrication et confection d\u2019outillage<\/h1>\n<p>De la conception de nouveaux outillages au moyen de prototypes en 3D jusqu\u2019\u00e0 leur fabrication. La pr\u00e9sence d\u2019un bureau d\u2019\u00e9tudes propre nous permet de commercialiser davantage de nouveaux produits. D\u00e8s lors, notre gamme standard s\u2019\u00e9largit sans cesse vers des seaux de nouvelles dimensions. Des demandes sp\u00e9ciales de clients peuvent \u00e9galement \u00eatre prises en charge et r\u00e9alis\u00e9es.<\/p>\n<h2>Confection d\u2019outillage<\/h2>\n<p>Au cas o\u00f9 notre assortiment ne conviendrait pas, nous mettons au point de nouveaux outils pour le client. Chez Ilsen, nous travaillons \u00e9troitement avec vous afin d\u2019obtenir un r\u00e9sultat optimal dans la conception des mod\u00e8les. \u00c0 cet \u00e9gard, nous faisons en sorte de r\u00e9aliser vos souhaits et vos id\u00e9es tout en vous faisant b\u00e9n\u00e9ficier de nos longues ann\u00e9es d\u2019exp\u00e9rience dans le traitement des mati\u00e8res plastiques. Nous cr\u00e9ons, ainsi, un prototype en 3D correspondant \u00e0 l\u2019article fini, sur base duquel nous pouvons proposer des premiers \u00e9chantillons. L\u2019apparence et la qualit\u00e9 du produit final peuvent \u00eatre \u00e9valu\u00e9es sans effort majeur avant le moulage par injection, et sa production.<\/p>\n<h3>Entretien<\/h3>\n<p>Un autre avantage est l\u2019entretien des outils. Un nouveau logiciel d\u2019assurance qualit\u00e9 nous permet de surveiller les cycles d\u2019entretien de l\u2019outillage en question. Le respect des intervalles entre les entretiens permet de garantir \u00e0 nos produits une qualit\u00e9 \u00e9lev\u00e9e constante. Par ailleurs, nous sommes en mesure de r\u00e9gler rapidement en interne les probl\u00e8mes ce qui emp\u00eache un \u00e9ventuel arr\u00eat de la production.<\/p>\n<\/div><div class=\"fusion-clearfix\"><\/div><\/div><\/div><\/div><\/div>\n","protected":false},"excerpt":{"rendered":"","protected":false},"author":1,"featured_media":0,"parent":0,"menu_order":0,"comment_status":"open","ping_status":"open","template":"","meta":[],"_links":{"self":[{"href":"https:\/\/www.ilsen-gmbh.de\/fr\/wp-json\/wp\/v2\/pages\/16354"}],"collection":[{"href":"https:\/\/www.ilsen-gmbh.de\/fr\/wp-json\/wp\/v2\/pages"}],"about":[{"href":"https:\/\/www.ilsen-gmbh.de\/fr\/wp-json\/wp\/v2\/types\/page"}],"author":[{"embeddable":true,"href":"https:\/\/www.ilsen-gmbh.de\/fr\/wp-json\/wp\/v2\/users\/1"}],"replies":[{"embeddable":true,"href":"https:\/\/www.ilsen-gmbh.de\/fr\/wp-json\/wp\/v2\/comments?post=16354"}],"version-history":[{"count":0,"href":"https:\/\/www.ilsen-gmbh.de\/fr\/wp-json\/wp\/v2\/pages\/16354\/revisions"}],"wp:attachment":[{"href":"https:\/\/www.ilsen-gmbh.de\/fr\/wp-json\/wp\/v2\/media?parent=16354"}],"curies":[{"name":"wp","href":"https:\/\/api.w.org\/{rel}","templated":true}]}}