{"id":16358,"date":"2016-07-26T14:32:46","date_gmt":"2016-07-26T12:32:46","guid":{"rendered":"https:\/\/www.ilsen-gmbh.de\/fr\/?page_id=16358"},"modified":"2018-06-21T14:58:59","modified_gmt":"2018-06-21T12:58:59","slug":"finition","status":"publish","type":"page","link":"https:\/\/www.ilsen-gmbh.de\/fr\/finition\/","title":{"rendered":"Finition"},"content":{"rendered":"<div class=\"fusion-fullwidth fullwidth-box fusion-builder-row-1 nonhundred-percent-fullwidth non-hundred-percent-height-scrolling\" style=\"background-color: rgba(255,255,255,0);background-position: left top;background-repeat: no-repeat;padding-top:20px;padding-right:0px;padding-bottom:20px;padding-left:0px;margin-bottom: 0px;margin-top: 0px;border-width: 0px 0px 0px 0px;border-color:#eae9e9;border-style:solid;\" ><div class=\"fusion-builder-row fusion-row\"><div class=\"fusion-layout-column fusion_builder_column fusion-builder-column-0 fusion_builder_column_1_1 1_1 fusion-one-full fusion-column-first fusion-column-last fusion-column-no-min-height\" style=\"margin-top:0px;margin-bottom:0px;\"><div class=\"fusion-column-wrapper fusion-flex-column-wrapper-legacy\" style=\"background-position:left top;background-repeat:no-repeat;-webkit-background-size:cover;-moz-background-size:cover;-o-background-size:cover;background-size:cover;padding: 0px 0px 0px 0px;\"><div class=\"fusion-text fusion-text-1\"><h1>Garniture<\/h1>\n<p>Les march\u00e9s actuels accordent une attention plus importante \u00e0 la finition des produits. Afin de pouvoir, par la suite, positionner au mieux vos produits sur un POS, nous vous proposons une garniture en s\u00e9rigraphie ou en offset. Pour tous les types de seaux de 2,5 l \u00e0 21,5 l, il est possible de les parer d\u2019un film IML. Toutes les techniques de garniture, ainsi que les encres utilis\u00e9es sont soumises \u00e0 des contr\u00f4les stricts et sont adapt\u00e9es aux emballages en contact avec les denr\u00e9es alimentaires.<\/p>\n<h2>S\u00e9rigraphie<\/h2>\n<p>Nos installations de s\u00e9rigraphie disposent de motifs d\u2019impression pourvus de 2 couleurs maximum. Ainsi, les commandes de petite taille sont aussi prises en charge en continu. En investissant en 2015, dans un nouveau syst\u00e8me de commande num\u00e9rique par ordinateur, nous avons pu augmenter sensiblement notre efficacit\u00e9.<\/p>\n<h3>Impression offset<\/h3>\n<p>Nous proposons l\u2019impression offset pour tous les seaux de toutes dimensions et les motifs d\u2019impression jusqu&rsquo;\u00e0 4 couleurs. En raison des co\u00fbts d\u2019impression suppl\u00e9mentaires l\u00e9g\u00e8rement plus \u00e9lev\u00e9s qu\u2019en s\u00e9rigraphie, l\u2019impression offset reste principalement un proc\u00e9d\u00e9 d\u2019impression r\u00e9serv\u00e9 \u00e0 des dimensions moyenne et grande. Des investissements continus dans nos installations nous garantissent en continu une norme de qualit\u00e9 \u00e9lev\u00e9e des impressions.<\/p>\n<h3>\u00c9tiquetage dans le moule<\/h3>\n<p>Contrairement \u00e0 la s\u00e9rigraphie et l\u2019impression offset, la garniture assortie d\u2019un film IML ne constitue pas une \u00e9tape suppl\u00e9mentaire dans la fabrication. Les films sont imprim\u00e9s pr\u00eats \u00e0 \u00eatre livr\u00e9s et install\u00e9s par un robot directement dans l\u2019outil de moulage par injection. Il s\u2019agit d\u2019un proc\u00e9d\u00e9 de tr\u00e8s haute qualit\u00e9 qui permet de traiter les motifs de haute r\u00e9solution. Dans la machine, le film fusionne ensuite avec l\u2019article moul\u00e9 jusqu\u2019\u00e0 obtention du produit fini. Des investissements continus dans ce proc\u00e9d\u00e9 nous permettent de proposer des articles d\u2019une contenance de 2,5 \u00e0 21,5 litres. Autrefois, le proc\u00e9d\u00e9 IML \u00e9tait surtout recommand\u00e9 pour les grandes quantit\u00e9s. L\u2019optimisation en continu et l\u2019\u00e9troite collaboration avec nos fournisseurs de film nous permettent, d\u00e9sormais, aujourd\u2019hui de proposer des conditions int\u00e9ressantes pour des quantit\u00e9s plus petites.<\/p>\n<\/div><div class=\"fusion-clearfix\"><\/div><\/div><\/div><\/div><\/div>\n","protected":false},"excerpt":{"rendered":"","protected":false},"author":1,"featured_media":0,"parent":0,"menu_order":0,"comment_status":"open","ping_status":"open","template":"","meta":[],"_links":{"self":[{"href":"https:\/\/www.ilsen-gmbh.de\/fr\/wp-json\/wp\/v2\/pages\/16358"}],"collection":[{"href":"https:\/\/www.ilsen-gmbh.de\/fr\/wp-json\/wp\/v2\/pages"}],"about":[{"href":"https:\/\/www.ilsen-gmbh.de\/fr\/wp-json\/wp\/v2\/types\/page"}],"author":[{"embeddable":true,"href":"https:\/\/www.ilsen-gmbh.de\/fr\/wp-json\/wp\/v2\/users\/1"}],"replies":[{"embeddable":true,"href":"https:\/\/www.ilsen-gmbh.de\/fr\/wp-json\/wp\/v2\/comments?post=16358"}],"version-history":[{"count":0,"href":"https:\/\/www.ilsen-gmbh.de\/fr\/wp-json\/wp\/v2\/pages\/16358\/revisions"}],"wp:attachment":[{"href":"https:\/\/www.ilsen-gmbh.de\/fr\/wp-json\/wp\/v2\/media?parent=16358"}],"curies":[{"name":"wp","href":"https:\/\/api.w.org\/{rel}","templated":true}]}}