{"id":16334,"date":"2016-07-26T11:08:28","date_gmt":"2016-07-26T09:08:28","guid":{"rendered":"https:\/\/www.ilsen-gmbh.de\/?page_id=16334"},"modified":"2018-06-21T14:59:52","modified_gmt":"2018-06-21T12:59:52","slug":"over-ons","status":"publish","type":"page","link":"https:\/\/www.ilsen-gmbh.de\/nl\/over-ons\/","title":{"rendered":"Over ons"},"content":{"rendered":"<p><div class=\"fusion-fullwidth fullwidth-box fusion-builder-row-1 nonhundred-percent-fullwidth non-hundred-percent-height-scrolling\" style=\"background-color: rgba(255,255,255,0);background-position: left top;background-repeat: no-repeat;padding-top:20px;padding-right:0px;padding-bottom:20px;padding-left:0px;margin-bottom: 0px;margin-top: 0px;border-width: 0px 0px 0px 0px;border-color:#eae9e9;border-style:solid;\" ><div class=\"fusion-builder-row fusion-row\"><div class=\"fusion-layout-column fusion_builder_column fusion-builder-column-0 fusion_builder_column_1_1 1_1 fusion-one-full fusion-column-first fusion-column-last fusion-column-no-min-height\" style=\"margin-top:0px;margin-bottom:0px;\"><div class=\"fusion-column-wrapper fusion-flex-column-wrapper-legacy\" style=\"background-position:left top;background-repeat:no-repeat;-webkit-background-size:cover;-moz-background-size:cover;-o-background-size:cover;background-size:cover;padding: 0px 0px 0px 0px;\"><div class=\"fusion-text fusion-text-1\"><h1>Uw betrouwbare partner!<\/h1>\n<h2>Moderne traditie<\/h2>\n<p>De onderneming Gerhard Ilsen gmbH &#038; Co. KG werd in 1960 opgericht en staat voor kwaliteit, flexibiliteit, betrouwbaarheid en staat bekend om het goede contact met zijn klanten.<\/p>\n<p>Geniet zelf van onze jarenlange ervaring in het verwerken van kunststof.<\/p>\n<p>Onze eigen ontwerpafdeling met tooling maakt het mogelijk voor ons om aan de wensen van onze klanten te voldoen en onze producten snel en doelgericht te ontwikkelen. Om uw idee\u00ebn en wensen met betrekking tot de verpakking van uw producten te kunnen realiseren, bieden we u de mogelijkheid om gebruik te maken van de nieuwste technologie\u00ebn waaronder in mould labeling.<\/p>\n<p>Wij stellen de hoogste eisen wat betreft kwaliteit en hygi\u00ebne en daardoor kunnen onze producten in de meest uiteenlopende sectoren gebruikt worden.<\/p>\n<\/div><div class=\"fusion-clearfix\"><\/div><\/div><\/div><\/div><\/div><div class=\"fusion-fullwidth fullwidth-box fusion-builder-row-2 hundred-percent-fullwidth non-hundred-percent-height-scrolling\" style=\"background-color: rgba(255,255,255,0);background-position: center center;background-repeat: no-repeat;padding-top:0px;padding-right:0px;padding-bottom:0px;padding-left:0px;margin-bottom: 0px;margin-top: 0px;border-width: 0px 0px 0px 0px;border-color:#eae9e9;border-style:solid;\" ><div class=\"fusion-builder-row fusion-row\"><div class=\"fusion-layout-column fusion_builder_column fusion-builder-column-1 fusion_builder_column_1_3 1_3 fusion-one-third fusion-column-first\" style=\"width:30.6666%; margin-right: 4%;margin-top:0px;margin-bottom:20px;\"><div class=\"fusion-column-wrapper fusion-flex-column-wrapper-legacy\" style=\"background-position:left top;background-repeat:no-repeat;-webkit-background-size:cover;-moz-background-size:cover;-o-background-size:cover;background-size:cover;padding: 0px 0px 0px 0px;\"><span class=\" fusion-imageframe imageframe-none imageframe-1 hover-type-none\"><img decoding=\"async\" width=\"500\" height=\"333\" alt=\"Ilsen Firmenschild\" title=\"ilsen-schild\" src=\"https:\/\/www.ilsen-gmbh.de\/wp-content\/uploads\/ilsen-schild.jpg\" class=\"img-responsive wp-image-16557\"\/><\/span><div class=\"fusion-clearfix\"><\/div><\/div><\/div><div class=\"fusion-layout-column fusion_builder_column fusion-builder-column-2 fusion_builder_column_1_3 1_3 fusion-one-third\" style=\"width:30.6666%; margin-right: 4%;margin-top:0px;margin-bottom:20px;\"><div class=\"fusion-column-wrapper fusion-flex-column-wrapper-legacy\" style=\"background-position:left top;background-repeat:no-repeat;-webkit-background-size:cover;-moz-background-size:cover;-o-background-size:cover;background-size:cover;padding: 0px 0px 0px 0px;\"><span class=\" fusion-imageframe imageframe-none imageframe-2 hover-type-none\"><img decoding=\"async\" width=\"500\" height=\"333\" alt=\"Bedruckte Verpackung\" title=\"bedruckte-verpackung\" src=\"https:\/\/www.ilsen-gmbh.de\/wp-content\/uploads\/bedruckte-verpackung.jpg\" class=\"img-responsive wp-image-16560\"\/><\/span><div class=\"fusion-clearfix\"><\/div><\/div><\/div><div class=\"fusion-layout-column fusion_builder_column fusion-builder-column-3 fusion_builder_column_1_3 1_3 fusion-one-third fusion-column-last\" style=\"width:30.6666%;margin-top:0px;margin-bottom:20px;\"><div class=\"fusion-column-wrapper fusion-flex-column-wrapper-legacy\" style=\"background-position:left top;background-repeat:no-repeat;-webkit-background-size:cover;-moz-background-size:cover;-o-background-size:cover;background-size:cover;padding: 0px 0px 0px 0px;\"><span class=\" fusion-imageframe imageframe-none imageframe-3 hover-type-none\"><img decoding=\"async\" width=\"500\" height=\"333\" alt=\"Lebensmittel Verpackung\" title=\"lebensmittel-verpackung\" src=\"https:\/\/www.ilsen-gmbh.de\/wp-content\/uploads\/lebensmittel-verpackung.jpg\" class=\"img-responsive wp-image-16563\"\/><\/span><div class=\"fusion-clearfix\"><\/div><\/div><\/div><\/div><style type=\"text\/css\">.fusion-fullwidth.fusion-builder-row-2 { overflow:visible; }<\/style><\/div><div class=\"fusion-fullwidth fullwidth-box fusion-builder-row-3 nonhundred-percent-fullwidth non-hundred-percent-height-scrolling\" style=\"background-color: rgba(255,255,255,0);background-position: left top;background-repeat: no-repeat;padding-top:20px;padding-right:0px;padding-bottom:20px;padding-left:0px;margin-bottom: 0px;margin-top: 0px;border-width: 0px 0px 0px 0px;border-color:#eae9e9;border-style:solid;\" ><div class=\"fusion-builder-row fusion-row\"><div class=\"fusion-layout-column fusion_builder_column fusion-builder-column-4 fusion_builder_column_1_1 1_1 fusion-one-full fusion-column-first fusion-column-last fusion-column-no-min-height\" style=\"margin-top:0px;margin-bottom:0px;\"><div class=\"fusion-column-wrapper fusion-flex-column-wrapper-legacy\" style=\"background-position:left top;background-repeat:no-repeat;-webkit-background-size:cover;-moz-background-size:cover;-o-background-size:cover;background-size:cover;padding: 0px 0px 0px 0px;\"><div class=\"fusion-text fusion-text-2\"><h3>Bedrijfsgeschiedenis<\/h3>\n<p>De onderneming Gerhard Ilsen GmbH &#038; Co. KG werd in 1960 opgericht door de in 2014 overleden Gerhard Ilsen. Ook vandaag is de onderneming nog steeds in handen van de familie. De productie van plastic verpakkingen was in zijn tijd een zeer nieuwe en innovatieve technologie. Hij was \u00e9\u00e9n van de voorlopers op de Duitse markt. De heer Ilsen slaagde erin om slechts met \u00e9\u00e9n machine de grondsteen voor de huidige onderneming te leggen. De jonge onderneming werd snel bekend dankzij de hoogstaande producten en de flexibiliteit.<\/p>\n<p>De locatie wijzigde in 1984 van Stukenbrock naar H\u00f6velhof. Dankzij de bouw van moderne productie- en opslaghallen ontstonden er genoeg middelen voor de productie van opslag van de producten.<br \/>\nIn januari 2015 werd een nieuwe productiehal van ong. 2000m\u00b2 gebouwd.<\/p>\n<p>Ervaring, betrouwbaarheid en de inzet van de nieuwste technologie garanderen ook op lange termijn het succesvol bestaan van deze onderneming. Zelfs in tijden van crisis op de markt slaagde de firma Ilsen erin om succes te behalen. Net zoals vroeger profiteert de onderneming ook nu nog van zijn hoogstaande producten en goede reputatie. Kwaliteit en flexibiliteit en het volgen van trends hebben zich als goede pijlers bewezen.<\/p>\n<p class=\"p1\">Sinds De heer Peter Antp\u00f6hler in 1998 de leiding overnam, is de firma Ilsen erin geslaagd om zijn positie op de nationale markt nog verder uit te bouwen. De laatste jaren heeft het bedrijf zich ook steeds meer internationaal kunnen positioneren. Vooral in Europa zijn nieuwe markten ontdekt en nieuwe zakenrelaties ontstaan. Het leveren aan buitenlandse klanten is vandaag een bepalende factor voor het succes van de onderneming en zijn goede marktpositie. De geschiedenis van de onderneming zal ook in de toekomst nog door familieleden verder gezet worden.<\/p>\n<\/div><div class=\"fusion-clearfix\"><\/div><\/div><\/div><\/div><\/div><div class=\"fusion-fullwidth fullwidth-box fusion-builder-row-4 hundred-percent-fullwidth non-hundred-percent-height-scrolling\" style=\"background-color: rgba(255,255,255,0);background-position: center center;background-repeat: no-repeat;padding-top:0px;padding-right:0px;padding-bottom:0px;padding-left:0px;margin-bottom: 0px;margin-top: 0px;border-width: 0px 0px 0px 0px;border-color:#eae9e9;border-style:solid;\" ><div class=\"fusion-builder-row fusion-row\"><div class=\"fusion-layout-column fusion_builder_column fusion-builder-column-5 fusion_builder_column_1_3 1_3 fusion-one-third fusion-column-first\" style=\"width:30.6666%; margin-right: 4%;margin-top:0px;margin-bottom:20px;\"><div class=\"fusion-column-wrapper fusion-flex-column-wrapper-legacy\" style=\"background-position:left top;background-repeat:no-repeat;-webkit-background-size:cover;-moz-background-size:cover;-o-background-size:cover;background-size:cover;padding: 0px 0px 0px 0px;\"><span class=\" fusion-imageframe imageframe-none imageframe-4 hover-type-none\"><img decoding=\"async\" width=\"500\" height=\"333\" alt=\"Ilsen Aussenansicht\" title=\"ilsen-aussenansicht\" src=\"https:\/\/www.ilsen-gmbh.de\/wp-content\/uploads\/ilsen-aussenansicht.jpg\" class=\"img-responsive wp-image-16584\"\/><\/span><div class=\"fusion-clearfix\"><\/div><\/div><\/div><div class=\"fusion-layout-column fusion_builder_column fusion-builder-column-6 fusion_builder_column_1_3 1_3 fusion-one-third\" style=\"width:30.6666%; margin-right: 4%;margin-top:0px;margin-bottom:20px;\"><div class=\"fusion-column-wrapper fusion-flex-column-wrapper-legacy\" style=\"background-position:left top;background-repeat:no-repeat;-webkit-background-size:cover;-moz-background-size:cover;-o-background-size:cover;background-size:cover;padding: 0px 0px 0px 0px;\"><span class=\" fusion-imageframe imageframe-none imageframe-5 hover-type-none\"><img decoding=\"async\" width=\"500\" height=\"333\" alt=\"Ilsen Produktionshalle\" title=\"ilsen-produktionshalle\" src=\"https:\/\/www.ilsen-gmbh.de\/wp-content\/uploads\/ilsen-produktionshalle.jpg\" class=\"img-responsive wp-image-16569\"\/><\/span><div class=\"fusion-clearfix\"><\/div><\/div><\/div><div class=\"fusion-layout-column fusion_builder_column fusion-builder-column-7 fusion_builder_column_1_3 1_3 fusion-one-third fusion-column-last\" style=\"width:30.6666%;margin-top:0px;margin-bottom:20px;\"><div class=\"fusion-column-wrapper fusion-flex-column-wrapper-legacy\" style=\"background-position:left top;background-repeat:no-repeat;-webkit-background-size:cover;-moz-background-size:cover;-o-background-size:cover;background-size:cover;padding: 0px 0px 0px 0px;\"><span class=\" fusion-imageframe imageframe-none imageframe-6 hover-type-none\"><img decoding=\"async\" width=\"500\" height=\"333\" alt=\"Ilsen Produktionsablauf\" title=\"ilsen-produktionsablauf\" src=\"https:\/\/www.ilsen-gmbh.de\/wp-content\/uploads\/ilsen-produktionsablauf.jpg\" class=\"img-responsive wp-image-16572\"\/><\/span><div class=\"fusion-clearfix\"><\/div><\/div><\/div><\/div><style type=\"text\/css\">.fusion-fullwidth.fusion-builder-row-4 { overflow:visible; }<\/style><\/div><div class=\"fusion-fullwidth fullwidth-box fusion-builder-row-5 nonhundred-percent-fullwidth non-hundred-percent-height-scrolling\" style=\"background-color: rgba(255,255,255,0);background-position: left top;background-repeat: no-repeat;padding-top:20px;padding-right:0px;padding-bottom:20px;padding-left:0px;margin-bottom: 0px;margin-top: 0px;border-width: 0px 0px 0px 0px;border-color:#eae9e9;border-style:solid;\" ><div class=\"fusion-builder-row fusion-row\"><div class=\"fusion-layout-column fusion_builder_column fusion-builder-column-8 fusion_builder_column_1_1 1_1 fusion-one-full fusion-column-first fusion-column-last fusion-column-no-min-height\" style=\"margin-top:0px;margin-bottom:0px;\"><div class=\"fusion-column-wrapper fusion-flex-column-wrapper-legacy\" style=\"background-position:left top;background-repeat:no-repeat;-webkit-background-size:cover;-moz-background-size:cover;-o-background-size:cover;background-size:cover;padding: 0px 0px 0px 0px;\"><div class=\"fusion-text fusion-text-3\"><h3>Vandaag<\/h3>\n<p>De onderneming Gerhard Ilsen GmbH &#038; Co. KG hoort vandaag bij de middelgrote ondernemingen in Oost-Westfalen. Vandaag stelt de firma zo\u2019n 60 medewerkers te werk op een totale productie oppervlakte van 6400m\u00b2 met een modern ingericht park met daarin 24 spuitgietmachines met 85 tot 550 ton sluitkracht.<br \/>\nHet productieprogramma bestaat uit de productie van veel belovende plastic verpakkingen, vooral voor de voedingsindustrie. Verder beschikken we over een eigen drukkerij om de artikelen te bedrukken. In deze drukkerij realiseren we alle wensen met betrekking tot zeefdruk en off-set druk. <\/p>\n<p>Een eigen ontwerpafdeling met tooling waarin we op korte termijn aan klantspecifieke eisen kunnen voldoen, rondt ons productieprogramma af Ervaring op het gebied van kunststof verplicht ons er toe om steeds bijzondere aandacht te schenken aan de kwaliteit van onze producten om zo ook onze klanten tevreden te houden.<\/p>\n<\/div><div class=\"fusion-clearfix\"><\/div><\/div><\/div><\/div><\/div><div class=\"fusion-fullwidth fullwidth-box fusion-builder-row-6 hundred-percent-fullwidth non-hundred-percent-height-scrolling\" style=\"background-color: rgba(255,255,255,0);background-position: center center;background-repeat: no-repeat;padding-top:0px;padding-right:0px;padding-bottom:0px;padding-left:0px;margin-bottom: 0px;margin-top: 0px;border-width: 0px 0px 0px 0px;border-color:#eae9e9;border-style:solid;\" ><div class=\"fusion-builder-row fusion-row\"><div class=\"fusion-layout-column fusion_builder_column fusion-builder-column-9 fusion_builder_column_1_3 1_3 fusion-one-third fusion-column-first\" style=\"width:30.6666%; margin-right: 4%;margin-top:0px;margin-bottom:20px;\"><div class=\"fusion-column-wrapper fusion-flex-column-wrapper-legacy\" style=\"background-position:left top;background-repeat:no-repeat;-webkit-background-size:cover;-moz-background-size:cover;-o-background-size:cover;background-size:cover;padding: 0px 0px 0px 0px;\"><span class=\" fusion-imageframe imageframe-none imageframe-7 hover-type-none\"><img decoding=\"async\" width=\"500\" height=\"333\" alt=\"Produktionsprozess\" title=\"ilsen-produktionsprozess1\" src=\"https:\/\/www.ilsen-gmbh.de\/wp-content\/uploads\/ilsen-produktionsprozess1.jpg\" class=\"img-responsive wp-image-16575\"\/><\/span><div class=\"fusion-clearfix\"><\/div><\/div><\/div><div class=\"fusion-layout-column fusion_builder_column fusion-builder-column-10 fusion_builder_column_1_3 1_3 fusion-one-third\" style=\"width:30.6666%; margin-right: 4%;margin-top:0px;margin-bottom:20px;\"><div class=\"fusion-column-wrapper fusion-flex-column-wrapper-legacy\" style=\"background-position:left top;background-repeat:no-repeat;-webkit-background-size:cover;-moz-background-size:cover;-o-background-size:cover;background-size:cover;padding: 0px 0px 0px 0px;\"><span class=\" fusion-imageframe imageframe-none imageframe-8 hover-type-none\"><img decoding=\"async\" width=\"500\" height=\"333\" alt=\"Produktionsprozess2\" title=\"ilsen-produktionsprozess2\" src=\"https:\/\/www.ilsen-gmbh.de\/wp-content\/uploads\/ilsen-produktionsprozess2.jpg\" class=\"img-responsive wp-image-16578\"\/><\/span><div class=\"fusion-clearfix\"><\/div><\/div><\/div><div class=\"fusion-layout-column fusion_builder_column fusion-builder-column-11 fusion_builder_column_1_3 1_3 fusion-one-third fusion-column-last\" style=\"width:30.6666%;margin-top:0px;margin-bottom:20px;\"><div class=\"fusion-column-wrapper fusion-flex-column-wrapper-legacy\" style=\"background-position:left top;background-repeat:no-repeat;-webkit-background-size:cover;-moz-background-size:cover;-o-background-size:cover;background-size:cover;padding: 0px 0px 0px 0px;\"><span class=\" fusion-imageframe imageframe-none imageframe-9 hover-type-none\"><img decoding=\"async\" width=\"500\" height=\"333\" alt=\"Produktionsprozess3\" title=\"ilsen-produktionsprozess3\" src=\"https:\/\/www.ilsen-gmbh.de\/wp-content\/uploads\/ilsen-produktionsprozess3.jpg\" class=\"img-responsive wp-image-16581\"\/><\/span><div class=\"fusion-clearfix\"><\/div><\/div><\/div><\/div><style type=\"text\/css\">.fusion-fullwidth.fusion-builder-row-6 { overflow:visible; }<\/style><\/div><\/p>\n","protected":false},"excerpt":{"rendered":"","protected":false},"author":1,"featured_media":0,"parent":0,"menu_order":0,"comment_status":"open","ping_status":"open","template":"","meta":[],"_links":{"self":[{"href":"https:\/\/www.ilsen-gmbh.de\/nl\/wp-json\/wp\/v2\/pages\/16334"}],"collection":[{"href":"https:\/\/www.ilsen-gmbh.de\/nl\/wp-json\/wp\/v2\/pages"}],"about":[{"href":"https:\/\/www.ilsen-gmbh.de\/nl\/wp-json\/wp\/v2\/types\/page"}],"author":[{"embeddable":true,"href":"https:\/\/www.ilsen-gmbh.de\/nl\/wp-json\/wp\/v2\/users\/1"}],"replies":[{"embeddable":true,"href":"https:\/\/www.ilsen-gmbh.de\/nl\/wp-json\/wp\/v2\/comments?post=16334"}],"version-history":[{"count":0,"href":"https:\/\/www.ilsen-gmbh.de\/nl\/wp-json\/wp\/v2\/pages\/16334\/revisions"}],"wp:attachment":[{"href":"https:\/\/www.ilsen-gmbh.de\/nl\/wp-json\/wp\/v2\/media?parent=16334"}],"curies":[{"name":"wp","href":"https:\/\/api.w.org\/{rel}","templated":true}]}}