{"id":16344,"date":"2016-07-26T11:55:53","date_gmt":"2016-07-26T09:55:53","guid":{"rendered":"https:\/\/www.ilsen-gmbh.de\/nl\/?page_id=16344"},"modified":"2018-06-21T14:59:31","modified_gmt":"2018-06-21T12:59:31","slug":"onze-kwaliteitsbeloften","status":"publish","type":"page","link":"https:\/\/www.ilsen-gmbh.de\/nl\/onze-kwaliteitsbeloften\/","title":{"rendered":"Onze kwaliteitsbeloften"},"content":{"rendered":"<div class=\"fusion-fullwidth fullwidth-box fusion-builder-row-1 nonhundred-percent-fullwidth non-hundred-percent-height-scrolling\" style=\"background-color: rgba(255,255,255,0);background-position: left top;background-repeat: no-repeat;padding-top:20px;padding-right:0px;padding-bottom:20px;padding-left:0px;margin-bottom: 0px;margin-top: 0px;border-width: 0px 0px 0px 0px;border-color:#eae9e9;border-style:solid;\" ><div class=\"fusion-builder-row fusion-row\"><div class=\"fusion-layout-column fusion_builder_column fusion-builder-column-0 fusion_builder_column_1_1 1_1 fusion-one-full fusion-column-first fusion-column-last fusion-column-no-min-height\" style=\"margin-top:0px;margin-bottom:0px;\"><div class=\"fusion-column-wrapper fusion-flex-column-wrapper-legacy\" style=\"background-position:left top;background-repeat:no-repeat;-webkit-background-size:cover;-moz-background-size:cover;-o-background-size:cover;background-size:cover;padding: 0px 0px 0px 0px;\"><div class=\"fusion-text fusion-text-1\"><h1>Onze kwaliteitsbeloften<\/h1>\n<h2>Uw product wordt gewoonweg goed verpakt<\/h2>\n<p>Wij zijn ons als onderneming goed bewust van onze grote verantwoordelijkheid ten opzichte van onze klanten. Daarom staat de term kwaliteit term niet enkel voor foutloze producten, maar ook voor een soepel bedrijfsproces. Het is voor ons heel belangrijk om alle processen te leiden, te controleren en te verbeteren en dit met het oog op het best mogelijke resultaat voor ons en onze klanten. De kwaliteitsgarantie speelt voor ons een beslissende rol. De producten worden tijdens het volledige productieproces regelmatig gecontroleerd en aan de hand van specificaties onderzocht. Het is ons doel om onszelf voortdurend te ontwikkelen en zo klanten op lange termijn aan ons te binden. Met de jaarlijkse certificering volgens DIN EN ISO 9001: 2008 stellen we onszelf op de proef om voor een constant hoge kwaliteit te zorgen en de tevredenheid van klanten en medewerkers te vergroten. Iedere medewerker is betrokken door middel van de verantwoordelijkheid die hij of zij voor kwaliteit heeft en heeft bovendien een aandeel in het succes van de onderneming<\/p>\n<h3>Hygi\u00ebne<\/h3>\n<p>Aangezien wij gespecialiseerd zijn in verpakkingsoplossingen voor de food en non-food industrie, is een strikte naleving van hygi\u00ebnische voorschriften voor ons vanzelfsprekend. Hiertoe behoren de algemene hygi\u00ebne-eisen, de operationele maatregelen, en de apparaten en tests die voor de levensmiddelenhygi\u00ebneverordening (LMHV) vereist zijn.<br \/>\nTer controle van het beheer van de hygi\u00ebne worden in overeenstemming met het HACCP-concept &#8220;hygi\u00ebne-audits&#8221; uitgevoerd en maatregelen ge\u00efnitieerd voor een continue verbetering. Onze medewerkers worden regelmatig bijgeschoold over de naleving van de gezondheidsvoorschriften en worden hierbij betrokken.<\/p>\n<h3>Duurzaamheid<\/h3>\n<p>Het zorgvuldig gebruik van middelen in combinatie met een duurzaam en effici\u00ebnt energiegebruik is voor ons altijd erg belangrijk geweest. Om onze inzet en gestage ontwikkeling in deze gebieden te documenteren, is ons energie management volgens ISO50001:2011 gecertificeerd.<\/p>\n<\/div><div class=\"fusion-clearfix\"><\/div><\/div><\/div><\/div><\/div>\n","protected":false},"excerpt":{"rendered":"","protected":false},"author":1,"featured_media":0,"parent":0,"menu_order":0,"comment_status":"open","ping_status":"open","template":"","meta":[],"_links":{"self":[{"href":"https:\/\/www.ilsen-gmbh.de\/nl\/wp-json\/wp\/v2\/pages\/16344"}],"collection":[{"href":"https:\/\/www.ilsen-gmbh.de\/nl\/wp-json\/wp\/v2\/pages"}],"about":[{"href":"https:\/\/www.ilsen-gmbh.de\/nl\/wp-json\/wp\/v2\/types\/page"}],"author":[{"embeddable":true,"href":"https:\/\/www.ilsen-gmbh.de\/nl\/wp-json\/wp\/v2\/users\/1"}],"replies":[{"embeddable":true,"href":"https:\/\/www.ilsen-gmbh.de\/nl\/wp-json\/wp\/v2\/comments?post=16344"}],"version-history":[{"count":0,"href":"https:\/\/www.ilsen-gmbh.de\/nl\/wp-json\/wp\/v2\/pages\/16344\/revisions"}],"wp:attachment":[{"href":"https:\/\/www.ilsen-gmbh.de\/nl\/wp-json\/wp\/v2\/media?parent=16344"}],"curies":[{"name":"wp","href":"https:\/\/api.w.org\/{rel}","templated":true}]}}